{"id":15,"date":"2025-01-03T14:48:20","date_gmt":"2025-01-03T14:48:20","guid":{"rendered":"https:\/\/bonillaygarciaabogados.net\/?page_id=15"},"modified":"2025-01-21T13:45:43","modified_gmt":"2025-01-21T13:45:43","slug":"politica-de-privacidad","status":"publish","type":"page","link":"https:\/\/bonillaygarciaabogados.net\/en\/politica-de-privacidad\/","title":{"rendered":"Pol\u00edtica de privacidad"},"content":{"rendered":"<div data-elementor-type=\"wp-page\" data-elementor-id=\"15\" class=\"elementor elementor-15\" data-elementor-post-type=\"page\">\n\t\t\t\t<div class=\"elementor-element elementor-element-783cdb7 e-flex e-con-boxed e-con e-parent\" data-id=\"783cdb7\" data-element_type=\"container\" data-settings=\"{&quot;background_background&quot;:&quot;classic&quot;}\">\n\t\t\t\t\t<div class=\"e-con-inner\">\n\t\t\t\t\t<\/div>\n\t\t\t\t<\/div>\n\t\t<div class=\"elementor-element elementor-element-92a370d e-con-full e-flex e-con e-parent\" data-id=\"92a370d\" data-element_type=\"container\" data-settings=\"{&quot;background_background&quot;:&quot;classic&quot;}\">\n\t\t<div class=\"elementor-element elementor-element-7b23d54 e-con-full e-flex e-con e-child\" data-id=\"7b23d54\" data-element_type=\"container\">\n\t\t\t\t<div class=\"elementor-element elementor-element-3fbfa7a elementor-widget elementor-widget-text-editor\" data-id=\"3fbfa7a\" data-element_type=\"widget\" data-widget_type=\"text-editor.default\">\n\t\t\t\t<div class=\"elementor-widget-container\">\n\t\t\t\t\t\t\t\t\t<p>BONILLA LOPEZ &#8211; GARCIA AZNAR C.B. en adelante \u201cla EMPRESA\u201d es la entidad titular del Website http:\/\/bonillaygarciaabogados.es (en adelante el \u201cSitio Web\u201d), con domicilio social en y Paseo de las Lomas 180, 1A 04700 El Ejido (Almer\u00eda) y con C.B. E04518254 Inscrita en el Registro Mercantil de Almer\u00eda, tomo.<\/p><h5><span style=\"color: #808080;\">Normativa aplicable<\/span><\/h5><p>Nuestra Pol\u00edtica de Privacidad se ha dise\u00f1ado de acuerdo con el Reglamento General de Protecci\u00f3n de Datos de la UE 2016\/679 del Parlamento Europeo y del Consejo, de 27 de abril de 2016, relativo a la protecci\u00f3n de las personas f\u00edsicas en lo que respecta al tratamiento de datos personales y a la libre circulaci\u00f3n de estos datos y por el que se deroga la Directiva 95\/46\/CE (Reglamento general de protecci\u00f3n de datos), y en lo que no contradiga el mencionado Reglamento, por lo dispuesto en el marco legislativo espa\u00f1ol en materia de Protecci\u00f3n de Datos de Car\u00e1cter Personal.<\/p><p>Al facilitarnos sus datos, Usted declara haber le\u00eddo y conocer la presente Pol\u00edtica de Privacidad, prestando su consentimiento inequ\u00edvoco y expreso al tratamiento de sus datos personales de acuerdo a las finalidades y t\u00e9rminos aqu\u00ed expresados.<\/p><p>La Empresa podr\u00e1 modificar la presente Pol\u00edtica de Privacidad para adaptarla a las novedades legislativas, jurisprudenciales o de interpretaci\u00f3n de la Agencia Espa\u00f1ola de Protecci\u00f3n de Datos. Estas condiciones de privacidad podr\u00e1n ser complementadas por el Aviso Legal, Pol\u00edtica de Cookies y las Condiciones Generales que, en su caso, se recojan para determinados productos o servicios, si dicho acceso supone alguna especialidad en materia de protecci\u00f3n de datos de car\u00e1cter personal.<\/p><h5><span style=\"color: #808080;\">FINALIDAD DEL TRATAMIENTO DE LOS DATOS PERSONALES<\/span><\/h5><p>El tratamiento que realizamos de sus datos personales responde a las siguientes finalidades:<br \/>&#8211; Proporcionarle informaci\u00f3n relacionada con los productos y servicios que ofrece nuestra empresa y que detallan en este web site.<br \/>&#8211; Realizar la contrataci\u00f3n de nuestros servicios mediante la aceptaci\u00f3n del correspondiente presupuesto \/ pedido y\/o la firma de un contrato mercantil.<br \/>&#8211; Enviarle por correo electr\u00f3nico y\/o postal las noticias y novedades acerca de nuestra entidad, as\u00ed como las actualizaciones de nuestro cat\u00e1logo de productos y servicios.<\/p><h5><span style=\"color: #808080;\">Plazo de Conservaci\u00f3n de sus datos<\/span><\/h5><p>Conservaremos sus datos personales desde que nos d\u00e9 su consentimiento hasta que lo revoque o bien solicite la limitaci\u00f3n del tratamiento. En tales casos, mantendremos sus datos de manera bloqueada durante los plazos legalmente exigidos.<\/p><h5><span style=\"color: #808080;\">LEGITIMACI\u00d3N Y DATOS RECABADOS<\/span><\/h5><p>La legitimaci\u00f3n para el tratamiento de sus datos es el consentimiento expreso otorgado mediante un acto positivo y afirmativo (rellenar el formulario correspondiente y marcar la casilla de aceptaci\u00f3n de esta pol\u00edtica) en el momento de facilitarnos sus datos personales.<\/p><h5><span style=\"color: #808080;\">Consentimiento para tratar sus datos<\/span><\/h5><p>Al rellenar los formularios, marcar la casilla \u201cAcepto la Pol\u00edtica de Privacidad\u201d y hacer clic para enviar los datos, o al remitir correos electr\u00f3nicos a la Empresa a trav\u00e9s de las cuentas habilitadas al efecto, el Usuario manifiesta haber le\u00eddo y aceptado expresamente la presente pol\u00edtica de privacidad, y otorga su consentimiento inequ\u00edvoco y expreso al tratamiento de sus datos personales conforme a las finalidades indicadas.<\/p><p>El Usuario certifica que es mayor de 14 a\u00f1os y que por lo tanto posee la capacidad legal necesaria para la prestaci\u00f3n del consentimiento en cuanto al tratamiento de sus datos de car\u00e1cter personal y todo ello, de conformidad con lo establecido en la presente Pol\u00edtica de Privacidad.<\/p><h5><span style=\"color: #808080;\">Categor\u00edas de datos<\/span><\/h5><p>Los datos que se recaban se refieren a la categor\u00eda de datos identificativos, como pueden ser: Nombre y Apellidos, Tel\u00e9fono, Direcci\u00f3n Postal, Empresa, Correo electr\u00f3nico, as\u00ed como la direcci\u00f3n IP desde donde accede al formulario de recogida de datos.<\/p><h5><span style=\"color: #808080;\">MEDIDAS DE SEGURIDAD<\/span><\/h5><p>Dentro de nuestro compromiso por garantizar la seguridad y confidencialidad de sus datos de car\u00e1cter personal, le informamos que se han adoptado las medidas de \u00edndole t\u00e9cnica y organizativas necesarias para garantizar la seguridad de los datos de car\u00e1cter personal y evitar su alteraci\u00f3n, p\u00e9rdida, tratamiento o acceso no autorizado, habida cuenta del estado de la tecnolog\u00eda, la naturaleza de los datos almacenados y los riesgos a que est\u00e9n expuestos, seg\u00fan el Art. 32 del RGPD EU 679\/2016.<\/p><h5><span style=\"color: #808080;\">CESI\u00d3N DE DATOS<\/span><\/h5><p>No se prev\u00e9n cesiones de datos ni transferencias internacionales de sus datos, a excepci\u00f3n de las autorizadas por la legislaci\u00f3n fiscal, mercantil y de telecomunicaciones as\u00ed como en aquellos casos en los que una autoridad judicial nos lo requiera.<\/p><h5><span style=\"color: #808080;\">DERECHOS DEL USUARIO<\/span><\/h5><p>Cualquier interesado tiene derecho a obtener confirmaci\u00f3n sobre si estamos tratando datos personales que le conciernan, o no. Las personas interesadas tienen derecho a acceder a sus datos personales, as\u00ed como a solicitar la rectificaci\u00f3n de los datos inexactos o, en su caso, solicitar su supresi\u00f3n cuando, entre otros motivos, los datos ya no sean necesarios para los fines que fueron recogidos. En determinadas circunstancias, los interesados podr\u00e1n solicitar la limitaci\u00f3n del tratamiento de sus datos, en cuyo caso \u00fanicamente los conservaremos para el ejercicio o la defensa de reclamaciones. Por motivos relacionados con su situaci\u00f3n particular, los interesados podr\u00e1n oponerse al tratamiento de sus datos. El Responsable del tratamiento dejar\u00e1 de tratar los datos, salvo por motivos leg\u00edtimos imperiosos, o el ejercicio o la defensa de posibles reclamaciones.<\/p><h5><span style=\"color: #808080;\">\u00bfC\u00f3mo ejercitar mis derechos?<\/span><\/h5><p>Para ejercer sus derechos, podr\u00e1 dirigir un escrito Paseo de las Lomas 180, 1A 04700 El Ejido (Almer\u00eda), o tambi\u00e9n puede enviar un email al Responsable, o en su caso, al Delegado de Protecci\u00f3n de Datos a bonilla-lopez-garcia-aznar@hotmail.es solicitando el correspondiente formulario para el ejercicio del derecho elegido. Opcionalmente, puede acudir a la Autoridad de Control competente para obtener informaci\u00f3n adicional acerca de sus derechos. Recuerde acompa\u00f1ar una copia de un documento que nos permita identificarle.<\/p><h5><span style=\"color: #808080;\">CL\u00c1USULA ASISTENTES A ACTIVIDADES<\/span><\/h5><p><span style=\"color: #ff0000;\">En cumplimiento de la normativa vigente en materia de Protecci\u00f3n de Datos de Car\u00e1cter Personal, le informamos que los datos personales que nos proporciona ser\u00e1n tratados por \u00daNICA GROUP, S.C.A. con la finalidad de asegurar la correcta gesti\u00f3n de la actividad en la que solicita participar y las tareas administrativas derivadas de la misma.<\/span><\/p><p><span style=\"color: #ff0000;\">Los datos personales proporcionados se conservar\u00e1n mientras no se solicite su supresi\u00f3n por el interesado, se mantenga la relaci\u00f3n entre las partes o durante el plazo que fije la normativa aplicable en la materia.<\/span><\/p><p><span style=\"color: #ff0000;\">La legitimaci\u00f3n para el tratamiento de datos se basa en el consentimiento prestado por el interesado. No se ceder\u00e1n datos, salvo obligaci\u00f3n legal.<\/span><\/p><p><span style=\"color: #ff0000;\">El interesado puede ejercer los derechos de acceso a sus datos personales, rectificaci\u00f3n, supresi\u00f3n (derecho al olvido), limitaci\u00f3n de tratamiento, oposici\u00f3n, portabilidad, derecho a no ser objeto de decisiones individualizadas, as\u00ed como la revocaci\u00f3n del consentimiento prestado. Para ello podr\u00e1 dirigir un escrito a Avd. de la Innovaci\u00f3n n\u00ba 15, Edf. Pit\u00e1goras 2\u00aa Planta, \u00c1reas C \u2013 D, Autov\u00eda A \u2013 7, Salida 460 \u2013 04131 Almer\u00eda o tambi\u00e9n puede enviar un email a protecciondedatos@unicagroup.es, adjuntando documento que acredite su identidad. Adem\u00e1s, el interesado puede dirigirse a la Autoridad de Control en materia de Protecci\u00f3n de Datos competente para obtener informaci\u00f3n adicional o presentar una reclamaci\u00f3n.<\/span><\/p><p><span style=\"color: #ff0000;\">A modo de informaci\u00f3n para los asistentes que acudan a la actividad en la que se inscriben, organizada por UNICAGROUP, S.C.A. queremos comunicar que se proceder\u00e1 a la toma de fotograf\u00edas y v\u00eddeos de la actividad como elemento accesorio y de apoyo a la misma, recogiendo as\u00ed para nuestros archivos y a modo de noticia en redes sociales y\/o p\u00e1gina web la actividad organizada y que esperemos sea de su agrado.<\/span><\/p>\t\t\t\t\t\t\t\t<\/div>\n\t\t\t\t<\/div>\n\t\t\t\t<\/div>\n\t\t\t\t<\/div>\n\t\t\t\t<\/div>","protected":false},"excerpt":{"rendered":"<p>BONILLA LOPEZ &#8211; GARCIA AZNAR C.B. en adelante \u201cla EMPRESA\u201d es la entidad titular del Website http:\/\/bonillaygarciaabogados.es (en adelante el \u201cSitio Web\u201d), con domicilio social en y Paseo de las Lomas 180, 1A 04700 El Ejido (Almer\u00eda) y con C.B. E04518254 Inscrita en el Registro Mercantil de Almer\u00eda, tomo. Normativa aplicable Nuestra Pol\u00edtica de Privacidad [&hellip;]<\/p>","protected":false},"author":1,"featured_media":0,"parent":0,"menu_order":0,"comment_status":"closed","ping_status":"closed","template":"","meta":{"footnotes":""},"class_list":["post-15","page","type-page","status-publish","hentry"],"yoast_head":"<!-- This site is optimized with the Yoast SEO plugin v27.1.1 - https:\/\/yoast.com\/product\/yoast-seo-wordpress\/ -->\n<title>Pol\u00edtica de privacidad - Bonilla y Garcia Abogados<\/title>\n<meta name=\"robots\" content=\"index, follow, max-snippet:-1, max-image-preview:large, max-video-preview:-1\" \/>\n<link rel=\"canonical\" href=\"https:\/\/bonillaygarciaabogados.net\/en\/politica-de-privacidad\/\" \/>\n<meta property=\"og:locale\" content=\"en_GB\" \/>\n<meta property=\"og:type\" content=\"article\" \/>\n<meta property=\"og:title\" content=\"Pol\u00edtica de privacidad - Bonilla y Garcia Abogados\" \/>\n<meta property=\"og:description\" content=\"BONILLA LOPEZ &#8211; GARCIA AZNAR C.B. en adelante \u201cla EMPRESA\u201d es la entidad titular del Website http:\/\/bonillaygarciaabogados.es (en adelante el \u201cSitio Web\u201d), con domicilio social en y Paseo de las Lomas 180, 1A 04700 El Ejido (Almer\u00eda) y con C.B. E04518254 Inscrita en el Registro Mercantil de Almer\u00eda, tomo. Normativa aplicable Nuestra Pol\u00edtica de Privacidad [&hellip;]\" \/>\n<meta property=\"og:url\" content=\"https:\/\/bonillaygarciaabogados.net\/en\/politica-de-privacidad\/\" \/>\n<meta property=\"og:site_name\" content=\"Bonilla y Garcia Abogados\" \/>\n<meta property=\"article:modified_time\" content=\"2025-01-21T13:45:43+00:00\" \/>\n<meta name=\"twitter:card\" content=\"summary_large_image\" \/>\n<meta name=\"twitter:label1\" content=\"Estimated reading time\" \/>\n\t<meta name=\"twitter:data1\" content=\"7 minutes\" \/>\n<script type=\"application\/ld+json\" class=\"yoast-schema-graph\">{\"@context\":\"https:\/\/schema.org\",\"@graph\":[{\"@type\":\"WebPage\",\"@id\":\"https:\/\/bonillaygarciaabogados.net\/politica-de-privacidad\/\",\"url\":\"https:\/\/bonillaygarciaabogados.net\/politica-de-privacidad\/\",\"name\":\"Pol\u00edtica de privacidad - Bonilla y Garcia Abogados\",\"isPartOf\":{\"@id\":\"https:\/\/bonillaygarciaabogados.net\/#website\"},\"datePublished\":\"2025-01-03T14:48:20+00:00\",\"dateModified\":\"2025-01-21T13:45:43+00:00\",\"breadcrumb\":{\"@id\":\"https:\/\/bonillaygarciaabogados.net\/politica-de-privacidad\/#breadcrumb\"},\"inLanguage\":\"en-GB\",\"potentialAction\":[{\"@type\":\"ReadAction\",\"target\":[\"https:\/\/bonillaygarciaabogados.net\/politica-de-privacidad\/\"]}]},{\"@type\":\"BreadcrumbList\",\"@id\":\"https:\/\/bonillaygarciaabogados.net\/politica-de-privacidad\/#breadcrumb\",\"itemListElement\":[{\"@type\":\"ListItem\",\"position\":1,\"name\":\"Home\",\"item\":\"https:\/\/bonillaygarciaabogados.net\/\"},{\"@type\":\"ListItem\",\"position\":2,\"name\":\"Pol\u00edtica de privacidad\"}]},{\"@type\":\"WebSite\",\"@id\":\"https:\/\/bonillaygarciaabogados.net\/#website\",\"url\":\"https:\/\/bonillaygarciaabogados.net\/\",\"name\":\"Bonilla y Garcia Abogados\",\"description\":\"\",\"publisher\":{\"@id\":\"https:\/\/bonillaygarciaabogados.net\/#organization\"},\"potentialAction\":[{\"@type\":\"SearchAction\",\"target\":{\"@type\":\"EntryPoint\",\"urlTemplate\":\"https:\/\/bonillaygarciaabogados.net\/?s={search_term_string}\"},\"query-input\":{\"@type\":\"PropertyValueSpecification\",\"valueRequired\":true,\"valueName\":\"search_term_string\"}}],\"inLanguage\":\"en-GB\"},{\"@type\":\"Organization\",\"@id\":\"https:\/\/bonillaygarciaabogados.net\/#organization\",\"name\":\"Bonilla y Garcia Abogados\",\"url\":\"https:\/\/bonillaygarciaabogados.net\/\",\"logo\":{\"@type\":\"ImageObject\",\"inLanguage\":\"en-GB\",\"@id\":\"https:\/\/bonillaygarciaabogados.net\/#\/schema\/logo\/image\/\",\"url\":\"https:\/\/bonillaygarciaabogados.net\/wp-content\/uploads\/2025\/01\/BONILLAGARCIA-LOGO.png\",\"contentUrl\":\"https:\/\/bonillaygarciaabogados.net\/wp-content\/uploads\/2025\/01\/BONILLAGARCIA-LOGO.png\",\"width\":351,\"height\":72,\"caption\":\"Bonilla y Garcia Abogados\"},\"image\":{\"@id\":\"https:\/\/bonillaygarciaabogados.net\/#\/schema\/logo\/image\/\"}}]}<\/script>\n<!-- \/ Yoast SEO plugin. -->","yoast_head_json":{"title":"Pol\u00edtica de privacidad - Bonilla y Garcia Abogados","robots":{"index":"index","follow":"follow","max-snippet":"max-snippet:-1","max-image-preview":"max-image-preview:large","max-video-preview":"max-video-preview:-1"},"canonical":"https:\/\/bonillaygarciaabogados.net\/en\/politica-de-privacidad\/","og_locale":"en_GB","og_type":"article","og_title":"Pol\u00edtica de privacidad - Bonilla y Garcia Abogados","og_description":"BONILLA LOPEZ &#8211; GARCIA AZNAR C.B. en adelante \u201cla EMPRESA\u201d es la entidad titular del Website http:\/\/bonillaygarciaabogados.es (en adelante el \u201cSitio Web\u201d), con domicilio social en y Paseo de las Lomas 180, 1A 04700 El Ejido (Almer\u00eda) y con C.B. E04518254 Inscrita en el Registro Mercantil de Almer\u00eda, tomo. Normativa aplicable Nuestra Pol\u00edtica de Privacidad [&hellip;]","og_url":"https:\/\/bonillaygarciaabogados.net\/en\/politica-de-privacidad\/","og_site_name":"Bonilla y Garcia Abogados","article_modified_time":"2025-01-21T13:45:43+00:00","twitter_card":"summary_large_image","twitter_misc":{"Estimated reading time":"7 minutes"},"schema":{"@context":"https:\/\/schema.org","@graph":[{"@type":"WebPage","@id":"https:\/\/bonillaygarciaabogados.net\/politica-de-privacidad\/","url":"https:\/\/bonillaygarciaabogados.net\/politica-de-privacidad\/","name":"Pol\u00edtica de privacidad - Bonilla y Garcia Abogados","isPartOf":{"@id":"https:\/\/bonillaygarciaabogados.net\/#website"},"datePublished":"2025-01-03T14:48:20+00:00","dateModified":"2025-01-21T13:45:43+00:00","breadcrumb":{"@id":"https:\/\/bonillaygarciaabogados.net\/politica-de-privacidad\/#breadcrumb"},"inLanguage":"en-GB","potentialAction":[{"@type":"ReadAction","target":["https:\/\/bonillaygarciaabogados.net\/politica-de-privacidad\/"]}]},{"@type":"BreadcrumbList","@id":"https:\/\/bonillaygarciaabogados.net\/politica-de-privacidad\/#breadcrumb","itemListElement":[{"@type":"ListItem","position":1,"name":"Home","item":"https:\/\/bonillaygarciaabogados.net\/"},{"@type":"ListItem","position":2,"name":"Pol\u00edtica de privacidad"}]},{"@type":"WebSite","@id":"https:\/\/bonillaygarciaabogados.net\/#website","url":"https:\/\/bonillaygarciaabogados.net\/","name":"Bonilla y Garcia Abogados","description":"","publisher":{"@id":"https:\/\/bonillaygarciaabogados.net\/#organization"},"potentialAction":[{"@type":"SearchAction","target":{"@type":"EntryPoint","urlTemplate":"https:\/\/bonillaygarciaabogados.net\/?s={search_term_string}"},"query-input":{"@type":"PropertyValueSpecification","valueRequired":true,"valueName":"search_term_string"}}],"inLanguage":"en-GB"},{"@type":"Organization","@id":"https:\/\/bonillaygarciaabogados.net\/#organization","name":"Bonilla y Garcia Abogados","url":"https:\/\/bonillaygarciaabogados.net\/","logo":{"@type":"ImageObject","inLanguage":"en-GB","@id":"https:\/\/bonillaygarciaabogados.net\/#\/schema\/logo\/image\/","url":"https:\/\/bonillaygarciaabogados.net\/wp-content\/uploads\/2025\/01\/BONILLAGARCIA-LOGO.png","contentUrl":"https:\/\/bonillaygarciaabogados.net\/wp-content\/uploads\/2025\/01\/BONILLAGARCIA-LOGO.png","width":351,"height":72,"caption":"Bonilla y Garcia Abogados"},"image":{"@id":"https:\/\/bonillaygarciaabogados.net\/#\/schema\/logo\/image\/"}}]}},"_links":{"self":[{"href":"https:\/\/bonillaygarciaabogados.net\/en\/wp-json\/wp\/v2\/pages\/15","targetHints":{"allow":["GET"]}}],"collection":[{"href":"https:\/\/bonillaygarciaabogados.net\/en\/wp-json\/wp\/v2\/pages"}],"about":[{"href":"https:\/\/bonillaygarciaabogados.net\/en\/wp-json\/wp\/v2\/types\/page"}],"author":[{"embeddable":true,"href":"https:\/\/bonillaygarciaabogados.net\/en\/wp-json\/wp\/v2\/users\/1"}],"replies":[{"embeddable":true,"href":"https:\/\/bonillaygarciaabogados.net\/en\/wp-json\/wp\/v2\/comments?post=15"}],"version-history":[{"count":16,"href":"https:\/\/bonillaygarciaabogados.net\/en\/wp-json\/wp\/v2\/pages\/15\/revisions"}],"predecessor-version":[{"id":263,"href":"https:\/\/bonillaygarciaabogados.net\/en\/wp-json\/wp\/v2\/pages\/15\/revisions\/263"}],"wp:attachment":[{"href":"https:\/\/bonillaygarciaabogados.net\/en\/wp-json\/wp\/v2\/media?parent=15"}],"curies":[{"name":"wp","href":"https:\/\/api.w.org\/{rel}","templated":true}]}}